{"id":841,"date":"2024-08-19T17:58:29","date_gmt":"2024-08-19T15:58:29","guid":{"rendered":"https:\/\/www.porcelainforevents.com\/?page_id=841"},"modified":"2025-02-26T22:33:19","modified_gmt":"2025-02-26T21:33:19","slug":"hostaleria","status":"publish","type":"page","link":"https:\/\/www.porcelainforevents.com\/en\/hostaleria\/","title":{"rendered":"Hospitality"},"content":{"rendered":"<div data-elementor-type=\"wp-page\" data-elementor-id=\"841\" class=\"elementor elementor-841\" data-elementor-post-type=\"page\">\n\t\t\t\t<div class=\"elementor-element elementor-element-641be72 e-con-full e-flex e-con e-parent\" data-id=\"641be72\" data-element_type=\"container\" data-e-type=\"container\">\n\t\t\t\t<div class=\"elementor-element elementor-element-34be9cf elementor-widget elementor-widget-heading\" data-id=\"34be9cf\" data-element_type=\"widget\" data-e-type=\"widget\" data-widget_type=\"heading.default\">\n\t\t\t\t<div class=\"elementor-widget-container\">\n\t\t\t\t\t<h2 class=\"elementor-heading-title elementor-size-default\">Exclusive gifts for your most discerning clients<\/h2>\t\t\t\t<\/div>\n\t\t\t\t<\/div>\n\t\t\t\t<div class=\"elementor-element elementor-element-5fbff6d elementor-widget elementor-widget-text-editor\" data-id=\"5fbff6d\" data-element_type=\"widget\" data-e-type=\"widget\" data-widget_type=\"text-editor.default\">\n\t\t\t\t<div class=\"elementor-widget-container\">\n\t\t\t\t\t\t\t\t\t<p>If you're in the hospitality industry, we offer an original, distinctive, and very elegant gift for your most discerning and loyal customers.<\/p><p>Porcelain pieces featuring designs from your establishment, 100% personalized.<\/p><p>A gift they will surely appreciate!<\/p><p>We also furnish the tables of the most elegant restaurants with unique pieces, adding a distinctive touch for an exclusive service.<\/p>\t\t\t\t\t\t\t\t<\/div>\n\t\t\t\t<\/div>\n\t\t\t\t<div class=\"elementor-element elementor-element-adce02d elementor-widget elementor-widget-heading\" data-id=\"adce02d\" data-element_type=\"widget\" data-e-type=\"widget\" data-widget_type=\"heading.default\">\n\t\t\t\t<div class=\"elementor-widget-container\">\n\t\t\t\t\t<h3 class=\"elementor-heading-title elementor-size-default\"><a href=\"https:\/\/www.porcelainforevents.com\/en\/contacte\/\" target=\"_blank\">Contact us; we'll find the perfect product for your client profile and the occasion.<\/a><\/h3>\t\t\t\t<\/div>\n\t\t\t\t<\/div>\n\t\t\t\t<div class=\"elementor-element elementor-element-6a33333 elementor-widget elementor-widget-gallery\" data-id=\"6a33333\" data-element_type=\"widget\" data-e-type=\"widget\" data-settings=\"{&quot;gap&quot;:{&quot;unit&quot;:&quot;px&quot;,&quot;size&quot;:4,&quot;sizes&quot;:[]},&quot;gap_mobile&quot;:{&quot;unit&quot;:&quot;px&quot;,&quot;size&quot;:2,&quot;sizes&quot;:[]},&quot;gallery_layout&quot;:&quot;justified&quot;,&quot;ideal_row_height&quot;:{&quot;unit&quot;:&quot;px&quot;,&quot;size&quot;:320,&quot;sizes&quot;:[]},&quot;gap_tablet&quot;:{&quot;unit&quot;:&quot;px&quot;,&quot;size&quot;:4,&quot;sizes&quot;:[]},&quot;ideal_row_height_tablet&quot;:{&quot;unit&quot;:&quot;px&quot;,&quot;size&quot;:220,&quot;sizes&quot;:[]},&quot;ideal_row_height_mobile&quot;:{&quot;unit&quot;:&quot;px&quot;,&quot;size&quot;:180,&quot;sizes&quot;:[]},&quot;lazyload&quot;:&quot;yes&quot;,&quot;link_to&quot;:&quot;file&quot;,&quot;overlay_background&quot;:&quot;yes&quot;,&quot;content_hover_animation&quot;:&quot;fade-in&quot;}\" data-widget_type=\"gallery.default\">\n\t\t\t\t<div class=\"elementor-widget-container\">\n\t\t\t\t\t\t\t<div class=\"elementor-gallery__container\">\n\t\t\t\t\t\t\t<a class=\"e-gallery-item elementor-gallery-item elementor-animated-content\" href=\"https:\/\/www.porcelainforevents.com\/wp-content\/uploads\/2025\/02\/Porcelain-for-events-Artesania-en-porcellana-Hosteleria-12.jpg\" data-elementor-open-lightbox=\"yes\" data-elementor-lightbox-slideshow=\"6a33333\" data-elementor-lightbox-title=\"Porcelain for events - Artesania en porcellana - Hostaleria\" data-e-action-hash=\"#elementor-action%3Aaction%3Dlightbox%26settings%3DeyJpZCI6MTc2NiwidXJsIjoiaHR0cHM6XC9cL3d3dy5wb3JjZWxhaW5mb3JldmVudHMuY29tXC93cC1jb250ZW50XC91cGxvYWRzXC8yMDI1XC8wMlwvUG9yY2VsYWluLWZvci1ldmVudHMtQXJ0ZXNhbmlhLWVuLXBvcmNlbGxhbmEtSG9zdGVsZXJpYS0xMi5qcGciLCJzbGlkZXNob3ciOiI2YTMzMzMzIn0%3D\">\n\t\t\t\t\t<div class=\"e-gallery-image elementor-gallery-item__image\" data-thumbnail=\"https:\/\/www.porcelainforevents.com\/wp-content\/uploads\/2025\/02\/Porcelain-for-events-Artesania-en-porcellana-Hosteleria-12.jpg\" data-width=\"900\" data-height=\"675\" aria-label=\"Porcelain for events - Porcelain crafts - Hospitality\" role=\"img\" ><\/div>\n\t\t\t\t\t\t\t\t\t\t\t<div class=\"elementor-gallery-item__overlay\"><\/div>\n\t\t\t\t\t\t\t\t\t\t\t\t\t\t<\/a>\n\t\t\t\t\t\t\t<a class=\"e-gallery-item elementor-gallery-item elementor-animated-content\" href=\"https:\/\/www.porcelainforevents.com\/wp-content\/uploads\/2024\/09\/Porcelain-for-events-Artesania-en-porcellana-Hosteleria-4.jpg\" data-elementor-open-lightbox=\"yes\" data-elementor-lightbox-slideshow=\"6a33333\" data-elementor-lightbox-title=\"Porcelain for events - Artesania en porcellana - Hostaleria\" data-e-action-hash=\"#elementor-action%3Aaction%3Dlightbox%26settings%3DeyJpZCI6MTU3NywidXJsIjoiaHR0cHM6XC9cL3d3dy5wb3JjZWxhaW5mb3JldmVudHMuY29tXC93cC1jb250ZW50XC91cGxvYWRzXC8yMDI0XC8wOVwvUG9yY2VsYWluLWZvci1ldmVudHMtQXJ0ZXNhbmlhLWVuLXBvcmNlbGxhbmEtSG9zdGVsZXJpYS00LmpwZyIsInNsaWRlc2hvdyI6IjZhMzMzMzMifQ%3D%3D\">\n\t\t\t\t\t<div class=\"e-gallery-image elementor-gallery-item__image\" data-thumbnail=\"https:\/\/www.porcelainforevents.com\/wp-content\/uploads\/2024\/09\/Porcelain-for-events-Artesania-en-porcellana-Hosteleria-4.jpg\" data-width=\"900\" data-height=\"675\" aria-label=\"Porcelain for events - Porcelain crafts - Hospitality\" role=\"img\" ><\/div>\n\t\t\t\t\t\t\t\t\t\t\t<div class=\"elementor-gallery-item__overlay\"><\/div>\n\t\t\t\t\t\t\t\t\t\t\t\t\t\t<\/a>\n\t\t\t\t\t\t\t<a class=\"e-gallery-item elementor-gallery-item elementor-animated-content\" href=\"https:\/\/www.porcelainforevents.com\/wp-content\/uploads\/2024\/09\/Porcelain-for-events-Artesania-en-porcellana-Hosteleria-5.jpg\" data-elementor-open-lightbox=\"yes\" data-elementor-lightbox-slideshow=\"6a33333\" data-elementor-lightbox-title=\"Porcelain for events - Artesania en porcellana - Hostaleria\" data-e-action-hash=\"#elementor-action%3Aaction%3Dlightbox%26settings%3DeyJpZCI6MTU3OCwidXJsIjoiaHR0cHM6XC9cL3d3dy5wb3JjZWxhaW5mb3JldmVudHMuY29tXC93cC1jb250ZW50XC91cGxvYWRzXC8yMDI0XC8wOVwvUG9yY2VsYWluLWZvci1ldmVudHMtQXJ0ZXNhbmlhLWVuLXBvcmNlbGxhbmEtSG9zdGVsZXJpYS01LmpwZyIsInNsaWRlc2hvdyI6IjZhMzMzMzMifQ%3D%3D\">\n\t\t\t\t\t<div class=\"e-gallery-image elementor-gallery-item__image\" data-thumbnail=\"https:\/\/www.porcelainforevents.com\/wp-content\/uploads\/2024\/09\/Porcelain-for-events-Artesania-en-porcellana-Hosteleria-5.jpg\" data-width=\"900\" data-height=\"675\" aria-label=\"Porcelain for events - Porcelain crafts - Hospitality\" role=\"img\" ><\/div>\n\t\t\t\t\t\t\t\t\t\t\t<div class=\"elementor-gallery-item__overlay\"><\/div>\n\t\t\t\t\t\t\t\t\t\t\t\t\t\t<\/a>\n\t\t\t\t\t\t\t<a class=\"e-gallery-item elementor-gallery-item elementor-animated-content\" href=\"https:\/\/www.porcelainforevents.com\/wp-content\/uploads\/2024\/09\/Porcelain-for-events-Artesania-en-porcellana-Hosteleria-2.jpg\" data-elementor-open-lightbox=\"yes\" data-elementor-lightbox-slideshow=\"6a33333\" data-elementor-lightbox-title=\"Porcelain for events - Artesania en porcellana - Hostaleria\" data-e-action-hash=\"#elementor-action%3Aaction%3Dlightbox%26settings%3DeyJpZCI6MTU3NSwidXJsIjoiaHR0cHM6XC9cL3d3dy5wb3JjZWxhaW5mb3JldmVudHMuY29tXC93cC1jb250ZW50XC91cGxvYWRzXC8yMDI0XC8wOVwvUG9yY2VsYWluLWZvci1ldmVudHMtQXJ0ZXNhbmlhLWVuLXBvcmNlbGxhbmEtSG9zdGVsZXJpYS0yLmpwZyIsInNsaWRlc2hvdyI6IjZhMzMzMzMifQ%3D%3D\">\n\t\t\t\t\t<div class=\"e-gallery-image elementor-gallery-item__image\" data-thumbnail=\"https:\/\/www.porcelainforevents.com\/wp-content\/uploads\/2024\/09\/Porcelain-for-events-Artesania-en-porcellana-Hosteleria-2.jpg\" data-width=\"900\" data-height=\"675\" aria-label=\"Porcelain for events - Porcelain crafts - Hospitality\" role=\"img\" ><\/div>\n\t\t\t\t\t\t\t\t\t\t\t<div class=\"elementor-gallery-item__overlay\"><\/div>\n\t\t\t\t\t\t\t\t\t\t\t\t\t\t<\/a>\n\t\t\t\t\t\t\t<a class=\"e-gallery-item elementor-gallery-item elementor-animated-content\" href=\"https:\/\/www.porcelainforevents.com\/wp-content\/uploads\/2024\/09\/Porcelain-for-events-Artesania-en-porcellana-Hosteleria-11.jpg\" data-elementor-open-lightbox=\"yes\" data-elementor-lightbox-slideshow=\"6a33333\" data-elementor-lightbox-title=\"Porcelain for events - Artesania en porcellana - Hostaleria\" data-e-action-hash=\"#elementor-action%3Aaction%3Dlightbox%26settings%3DeyJpZCI6MTczNSwidXJsIjoiaHR0cHM6XC9cL3d3dy5wb3JjZWxhaW5mb3JldmVudHMuY29tXC93cC1jb250ZW50XC91cGxvYWRzXC8yMDI0XC8wOVwvUG9yY2VsYWluLWZvci1ldmVudHMtQXJ0ZXNhbmlhLWVuLXBvcmNlbGxhbmEtSG9zdGVsZXJpYS0xMS5qcGciLCJzbGlkZXNob3ciOiI2YTMzMzMzIn0%3D\">\n\t\t\t\t\t<div class=\"e-gallery-image elementor-gallery-item__image\" data-thumbnail=\"https:\/\/www.porcelainforevents.com\/wp-content\/uploads\/2024\/09\/Porcelain-for-events-Artesania-en-porcellana-Hosteleria-11.jpg\" data-width=\"900\" data-height=\"675\" aria-label=\"Porcelain for events - Porcelain crafts - Hospitality\" role=\"img\" ><\/div>\n\t\t\t\t\t\t\t\t\t\t\t<div class=\"elementor-gallery-item__overlay\"><\/div>\n\t\t\t\t\t\t\t\t\t\t\t\t\t\t<\/a>\n\t\t\t\t\t\t\t<a class=\"e-gallery-item elementor-gallery-item elementor-animated-content\" href=\"https:\/\/www.porcelainforevents.com\/wp-content\/uploads\/2024\/09\/Porcelain-for-events-Artesania-en-porcellana-Hosteleria-7.jpg\" data-elementor-open-lightbox=\"yes\" data-elementor-lightbox-slideshow=\"6a33333\" data-elementor-lightbox-title=\"Porcelain for events - Artesania en porcellana - Hostaleria\" data-e-action-hash=\"#elementor-action%3Aaction%3Dlightbox%26settings%3DeyJpZCI6MTU4MCwidXJsIjoiaHR0cHM6XC9cL3d3dy5wb3JjZWxhaW5mb3JldmVudHMuY29tXC93cC1jb250ZW50XC91cGxvYWRzXC8yMDI0XC8wOVwvUG9yY2VsYWluLWZvci1ldmVudHMtQXJ0ZXNhbmlhLWVuLXBvcmNlbGxhbmEtSG9zdGVsZXJpYS03LmpwZyIsInNsaWRlc2hvdyI6IjZhMzMzMzMifQ%3D%3D\">\n\t\t\t\t\t<div class=\"e-gallery-image elementor-gallery-item__image\" data-thumbnail=\"https:\/\/www.porcelainforevents.com\/wp-content\/uploads\/2024\/09\/Porcelain-for-events-Artesania-en-porcellana-Hosteleria-7.jpg\" data-width=\"900\" data-height=\"675\" aria-label=\"Porcelain for events - Porcelain crafts - Hospitality\" role=\"img\" ><\/div>\n\t\t\t\t\t\t\t\t\t\t\t<div class=\"elementor-gallery-item__overlay\"><\/div>\n\t\t\t\t\t\t\t\t\t\t\t\t\t\t<\/a>\n\t\t\t\t\t\t\t<a class=\"e-gallery-item elementor-gallery-item elementor-animated-content\" href=\"https:\/\/www.porcelainforevents.com\/wp-content\/uploads\/2024\/09\/Porcelain-for-events-Artesania-en-porcellana-Hosteleria-1.jpg\" data-elementor-open-lightbox=\"yes\" data-elementor-lightbox-slideshow=\"6a33333\" data-elementor-lightbox-title=\"Porcelain for events - Artesania en porcellana - Hostaleria\" data-e-action-hash=\"#elementor-action%3Aaction%3Dlightbox%26settings%3DeyJpZCI6MTU3NCwidXJsIjoiaHR0cHM6XC9cL3d3dy5wb3JjZWxhaW5mb3JldmVudHMuY29tXC93cC1jb250ZW50XC91cGxvYWRzXC8yMDI0XC8wOVwvUG9yY2VsYWluLWZvci1ldmVudHMtQXJ0ZXNhbmlhLWVuLXBvcmNlbGxhbmEtSG9zdGVsZXJpYS0xLmpwZyIsInNsaWRlc2hvdyI6IjZhMzMzMzMifQ%3D%3D\">\n\t\t\t\t\t<div class=\"e-gallery-image elementor-gallery-item__image\" data-thumbnail=\"https:\/\/www.porcelainforevents.com\/wp-content\/uploads\/2024\/09\/Porcelain-for-events-Artesania-en-porcellana-Hosteleria-1.jpg\" data-width=\"900\" data-height=\"675\" aria-label=\"Porcelain for events - Porcelain crafts - Hospitality\" role=\"img\" ><\/div>\n\t\t\t\t\t\t\t\t\t\t\t<div class=\"elementor-gallery-item__overlay\"><\/div>\n\t\t\t\t\t\t\t\t\t\t\t\t\t\t<\/a>\n\t\t\t\t\t\t\t<a class=\"e-gallery-item elementor-gallery-item elementor-animated-content\" href=\"https:\/\/www.porcelainforevents.com\/wp-content\/uploads\/2025\/02\/Porcelain-for-events-Artesania-en-porcellana-Hosteleria-14.jpg\" data-elementor-open-lightbox=\"yes\" data-elementor-lightbox-slideshow=\"6a33333\" data-elementor-lightbox-title=\"Porcelain for events - Artesania en porcellana - Hostaleria\" data-e-action-hash=\"#elementor-action%3Aaction%3Dlightbox%26settings%3DeyJpZCI6MTc3NiwidXJsIjoiaHR0cHM6XC9cL3d3dy5wb3JjZWxhaW5mb3JldmVudHMuY29tXC93cC1jb250ZW50XC91cGxvYWRzXC8yMDI1XC8wMlwvUG9yY2VsYWluLWZvci1ldmVudHMtQXJ0ZXNhbmlhLWVuLXBvcmNlbGxhbmEtSG9zdGVsZXJpYS0xNC5qcGciLCJzbGlkZXNob3ciOiI2YTMzMzMzIn0%3D\">\n\t\t\t\t\t<div class=\"e-gallery-image elementor-gallery-item__image\" data-thumbnail=\"https:\/\/www.porcelainforevents.com\/wp-content\/uploads\/2025\/02\/Porcelain-for-events-Artesania-en-porcellana-Hosteleria-14.jpg\" data-width=\"900\" data-height=\"675\" aria-label=\"Porcelain for events - Porcelain crafts - Hospitality\" role=\"img\" ><\/div>\n\t\t\t\t\t\t\t\t\t\t\t<div class=\"elementor-gallery-item__overlay\"><\/div>\n\t\t\t\t\t\t\t\t\t\t\t\t\t\t<\/a>\n\t\t\t\t\t\t\t<a class=\"e-gallery-item elementor-gallery-item elementor-animated-content\" href=\"https:\/\/www.porcelainforevents.com\/wp-content\/uploads\/2024\/09\/Porcelain-for-events-Artesania-en-porcellana-Hosteleria-6.jpg\" data-elementor-open-lightbox=\"yes\" data-elementor-lightbox-slideshow=\"6a33333\" data-elementor-lightbox-title=\"Porcelain for events - Artesania en porcellana - Hostaleria\" data-e-action-hash=\"#elementor-action%3Aaction%3Dlightbox%26settings%3DeyJpZCI6MTU3OSwidXJsIjoiaHR0cHM6XC9cL3d3dy5wb3JjZWxhaW5mb3JldmVudHMuY29tXC93cC1jb250ZW50XC91cGxvYWRzXC8yMDI0XC8wOVwvUG9yY2VsYWluLWZvci1ldmVudHMtQXJ0ZXNhbmlhLWVuLXBvcmNlbGxhbmEtSG9zdGVsZXJpYS02LmpwZyIsInNsaWRlc2hvdyI6IjZhMzMzMzMifQ%3D%3D\">\n\t\t\t\t\t<div class=\"e-gallery-image elementor-gallery-item__image\" data-thumbnail=\"https:\/\/www.porcelainforevents.com\/wp-content\/uploads\/2024\/09\/Porcelain-for-events-Artesania-en-porcellana-Hosteleria-6.jpg\" data-width=\"900\" data-height=\"675\" aria-label=\"Porcelain for events - Porcelain crafts - Hospitality\" role=\"img\" ><\/div>\n\t\t\t\t\t\t\t\t\t\t\t<div class=\"elementor-gallery-item__overlay\"><\/div>\n\t\t\t\t\t\t\t\t\t\t\t\t\t\t<\/a>\n\t\t\t\t\t\t\t<a class=\"e-gallery-item elementor-gallery-item elementor-animated-content\" href=\"https:\/\/www.porcelainforevents.com\/wp-content\/uploads\/2024\/09\/Porcelain-for-events-Artesania-en-porcellana-Hosteleria-8.jpg\" data-elementor-open-lightbox=\"yes\" data-elementor-lightbox-slideshow=\"6a33333\" data-elementor-lightbox-title=\"Porcelain for events - Artesania en porcellana - Hostaleria\" data-e-action-hash=\"#elementor-action%3Aaction%3Dlightbox%26settings%3DeyJpZCI6MTY4NSwidXJsIjoiaHR0cHM6XC9cL3d3dy5wb3JjZWxhaW5mb3JldmVudHMuY29tXC93cC1jb250ZW50XC91cGxvYWRzXC8yMDI0XC8wOVwvUG9yY2VsYWluLWZvci1ldmVudHMtQXJ0ZXNhbmlhLWVuLXBvcmNlbGxhbmEtSG9zdGVsZXJpYS04LmpwZyIsInNsaWRlc2hvdyI6IjZhMzMzMzMifQ%3D%3D\">\n\t\t\t\t\t<div class=\"e-gallery-image elementor-gallery-item__image\" data-thumbnail=\"https:\/\/www.porcelainforevents.com\/wp-content\/uploads\/2024\/09\/Porcelain-for-events-Artesania-en-porcellana-Hosteleria-8.jpg\" data-width=\"675\" data-height=\"900\" aria-label=\"Porcelain for events - Porcelain crafts - Hospitality\" role=\"img\" ><\/div>\n\t\t\t\t\t\t\t\t\t\t\t<div class=\"elementor-gallery-item__overlay\"><\/div>\n\t\t\t\t\t\t\t\t\t\t\t\t\t\t<\/a>\n\t\t\t\t\t\t\t<a class=\"e-gallery-item elementor-gallery-item elementor-animated-content\" href=\"https:\/\/www.porcelainforevents.com\/wp-content\/uploads\/2024\/09\/Porcelain-for-events-Artesania-en-porcellana-Hosteleria-9.jpg\" data-elementor-open-lightbox=\"yes\" data-elementor-lightbox-slideshow=\"6a33333\" data-elementor-lightbox-title=\"Porcelain for events - Artesania en porcellana - Hostaleria\" data-e-action-hash=\"#elementor-action%3Aaction%3Dlightbox%26settings%3DeyJpZCI6MTY4NiwidXJsIjoiaHR0cHM6XC9cL3d3dy5wb3JjZWxhaW5mb3JldmVudHMuY29tXC93cC1jb250ZW50XC91cGxvYWRzXC8yMDI0XC8wOVwvUG9yY2VsYWluLWZvci1ldmVudHMtQXJ0ZXNhbmlhLWVuLXBvcmNlbGxhbmEtSG9zdGVsZXJpYS05LmpwZyIsInNsaWRlc2hvdyI6IjZhMzMzMzMifQ%3D%3D\">\n\t\t\t\t\t<div class=\"e-gallery-image elementor-gallery-item__image\" data-thumbnail=\"https:\/\/www.porcelainforevents.com\/wp-content\/uploads\/2024\/09\/Porcelain-for-events-Artesania-en-porcellana-Hosteleria-9.jpg\" data-width=\"675\" data-height=\"900\" aria-label=\"Porcelain for events - Porcelain crafts - Hospitality\" role=\"img\" ><\/div>\n\t\t\t\t\t\t\t\t\t\t\t<div class=\"elementor-gallery-item__overlay\"><\/div>\n\t\t\t\t\t\t\t\t\t\t\t\t\t\t<\/a>\n\t\t\t\t\t\t\t<a class=\"e-gallery-item elementor-gallery-item elementor-animated-content\" href=\"https:\/\/www.porcelainforevents.com\/wp-content\/uploads\/2025\/02\/Porcelain-for-events-Artesania-en-porcellana-Hosteleria-13.jpg\" data-elementor-open-lightbox=\"yes\" data-elementor-lightbox-slideshow=\"6a33333\" data-elementor-lightbox-title=\"Porcelain for events - Artesania en porcellana - Hostaleria\" data-e-action-hash=\"#elementor-action%3Aaction%3Dlightbox%26settings%3DeyJpZCI6MTc2NywidXJsIjoiaHR0cHM6XC9cL3d3dy5wb3JjZWxhaW5mb3JldmVudHMuY29tXC93cC1jb250ZW50XC91cGxvYWRzXC8yMDI1XC8wMlwvUG9yY2VsYWluLWZvci1ldmVudHMtQXJ0ZXNhbmlhLWVuLXBvcmNlbGxhbmEtSG9zdGVsZXJpYS0xMy5qcGciLCJzbGlkZXNob3ciOiI2YTMzMzMzIn0%3D\">\n\t\t\t\t\t<div class=\"e-gallery-image elementor-gallery-item__image\" data-thumbnail=\"https:\/\/www.porcelainforevents.com\/wp-content\/uploads\/2025\/02\/Porcelain-for-events-Artesania-en-porcellana-Hosteleria-13.jpg\" data-width=\"900\" data-height=\"675\" aria-label=\"Porcelain for events - Porcelain crafts - Hospitality\" role=\"img\" ><\/div>\n\t\t\t\t\t\t\t\t\t\t\t<div class=\"elementor-gallery-item__overlay\"><\/div>\n\t\t\t\t\t\t\t\t\t\t\t\t\t\t<\/a>\n\t\t\t\t\t\t\t<a class=\"e-gallery-item elementor-gallery-item elementor-animated-content\" href=\"https:\/\/www.porcelainforevents.com\/wp-content\/uploads\/2024\/09\/Porcelain-for-events-Artesania-en-porcellana-Hosteleria-3.jpg\" data-elementor-open-lightbox=\"yes\" data-elementor-lightbox-slideshow=\"6a33333\" data-elementor-lightbox-title=\"Porcelain for events - Artesania en porcellana - Hostaleria\" data-e-action-hash=\"#elementor-action%3Aaction%3Dlightbox%26settings%3DeyJpZCI6MTY4NCwidXJsIjoiaHR0cHM6XC9cL3d3dy5wb3JjZWxhaW5mb3JldmVudHMuY29tXC93cC1jb250ZW50XC91cGxvYWRzXC8yMDI0XC8wOVwvUG9yY2VsYWluLWZvci1ldmVudHMtQXJ0ZXNhbmlhLWVuLXBvcmNlbGxhbmEtSG9zdGVsZXJpYS0zLmpwZyIsInNsaWRlc2hvdyI6IjZhMzMzMzMifQ%3D%3D\">\n\t\t\t\t\t<div class=\"e-gallery-image elementor-gallery-item__image\" data-thumbnail=\"https:\/\/www.porcelainforevents.com\/wp-content\/uploads\/2024\/09\/Porcelain-for-events-Artesania-en-porcellana-Hosteleria-3.jpg\" data-width=\"675\" data-height=\"900\" aria-label=\"Porcelain for events - Porcelain crafts - Hospitality\" role=\"img\" ><\/div>\n\t\t\t\t\t\t\t\t\t\t\t<div class=\"elementor-gallery-item__overlay\"><\/div>\n\t\t\t\t\t\t\t\t\t\t\t\t\t\t<\/a>\n\t\t\t\t\t\t\t<a class=\"e-gallery-item elementor-gallery-item elementor-animated-content\" href=\"https:\/\/www.porcelainforevents.com\/wp-content\/uploads\/2025\/02\/Porcelain-for-events-Artesania-en-porcellana-Regals-personalitzats-11.jpg\" data-elementor-open-lightbox=\"yes\" data-elementor-lightbox-slideshow=\"6a33333\" data-elementor-lightbox-title=\"Porcelain for events - Artesania en porcellana - Regals personalitzats\" data-e-action-hash=\"#elementor-action%3Aaction%3Dlightbox%26settings%3DeyJpZCI6MTc3MSwidXJsIjoiaHR0cHM6XC9cL3d3dy5wb3JjZWxhaW5mb3JldmVudHMuY29tXC93cC1jb250ZW50XC91cGxvYWRzXC8yMDI1XC8wMlwvUG9yY2VsYWluLWZvci1ldmVudHMtQXJ0ZXNhbmlhLWVuLXBvcmNlbGxhbmEtUmVnYWxzLXBlcnNvbmFsaXR6YXRzLTExLmpwZyIsInNsaWRlc2hvdyI6IjZhMzMzMzMifQ%3D%3D\">\n\t\t\t\t\t<div class=\"e-gallery-image elementor-gallery-item__image\" data-thumbnail=\"https:\/\/www.porcelainforevents.com\/wp-content\/uploads\/2025\/02\/Porcelain-for-events-Artesania-en-porcellana-Regals-personalitzats-11.jpg\" data-width=\"900\" data-height=\"675\" aria-label=\"Porcelain for events - Porcelain crafts - Personalized gifts\" role=\"img\" ><\/div>\n\t\t\t\t\t\t\t\t\t\t\t<div class=\"elementor-gallery-item__overlay\"><\/div>\n\t\t\t\t\t\t\t\t\t\t\t\t\t\t<\/a>\n\t\t\t\t\t\t\t<a class=\"e-gallery-item elementor-gallery-item elementor-animated-content\" href=\"https:\/\/www.porcelainforevents.com\/wp-content\/uploads\/2024\/09\/Porcelain-for-events-Artesania-en-porcellana-Hosteleria-10.jpg\" data-elementor-open-lightbox=\"yes\" data-elementor-lightbox-slideshow=\"6a33333\" data-elementor-lightbox-title=\"Porcelain for events - Artesania en porcellana - Hostaleria\" data-e-action-hash=\"#elementor-action%3Aaction%3Dlightbox%26settings%3DeyJpZCI6MTczNCwidXJsIjoiaHR0cHM6XC9cL3d3dy5wb3JjZWxhaW5mb3JldmVudHMuY29tXC93cC1jb250ZW50XC91cGxvYWRzXC8yMDI0XC8wOVwvUG9yY2VsYWluLWZvci1ldmVudHMtQXJ0ZXNhbmlhLWVuLXBvcmNlbGxhbmEtSG9zdGVsZXJpYS0xMC5qcGciLCJzbGlkZXNob3ciOiI2YTMzMzMzIn0%3D\">\n\t\t\t\t\t<div class=\"e-gallery-image elementor-gallery-item__image\" data-thumbnail=\"https:\/\/www.porcelainforevents.com\/wp-content\/uploads\/2024\/09\/Porcelain-for-events-Artesania-en-porcellana-Hosteleria-10.jpg\" data-width=\"900\" data-height=\"675\" aria-label=\"Porcelain for events - Porcelain crafts - Hospitality\" role=\"img\" ><\/div>\n\t\t\t\t\t\t\t\t\t\t\t<div class=\"elementor-gallery-item__overlay\"><\/div>\n\t\t\t\t\t\t\t\t\t\t\t\t\t\t<\/a>\n\t\t\t\t\t<\/div>\n\t\t\t\t\t<\/div>\n\t\t\t\t<\/div>\n\t\t\t\t<\/div>\n\t\t\t\t<\/div>","protected":false},"excerpt":{"rendered":"<p>Obsequis exclusius pels teus clients m\u00e9s selectes Si ets del sector hostaleria, et proposem un obsequi original, distintiu i molt elegant pels teus clients m\u00e9s selectes i fidels. Porcellanes amb dissenys del teu local, 100% personalitzats. Un regal que de ben segur agrairan! Tamb\u00e9 vestim les taules dels restaurants m\u00e9s elegants amb peces \u00faniques, un<br \/><a class=\"moretag\" href=\"https:\/\/www.porcelainforevents.com\/en\/hostaleria\/\">+ Read More<\/a><\/p>","protected":false},"author":1,"featured_media":0,"parent":0,"menu_order":0,"comment_status":"closed","ping_status":"closed","template":"templates\/page-fullwidth_template.php","meta":{"footnotes":""},"class_list":["post-841","page","type-page","status-publish","hentry"],"_links":{"self":[{"href":"https:\/\/www.porcelainforevents.com\/en\/wp-json\/wp\/v2\/pages\/841","targetHints":{"allow":["GET"]}}],"collection":[{"href":"https:\/\/www.porcelainforevents.com\/en\/wp-json\/wp\/v2\/pages"}],"about":[{"href":"https:\/\/www.porcelainforevents.com\/en\/wp-json\/wp\/v2\/types\/page"}],"author":[{"embeddable":true,"href":"https:\/\/www.porcelainforevents.com\/en\/wp-json\/wp\/v2\/users\/1"}],"replies":[{"embeddable":true,"href":"https:\/\/www.porcelainforevents.com\/en\/wp-json\/wp\/v2\/comments?post=841"}],"version-history":[{"count":0,"href":"https:\/\/www.porcelainforevents.com\/en\/wp-json\/wp\/v2\/pages\/841\/revisions"}],"wp:attachment":[{"href":"https:\/\/www.porcelainforevents.com\/en\/wp-json\/wp\/v2\/media?parent=841"}],"curies":[{"name":"wp","href":"https:\/\/api.w.org\/{rel}","templated":true}]}}