{"id":843,"date":"2024-08-19T17:58:40","date_gmt":"2024-08-19T15:58:40","guid":{"rendered":"https:\/\/www.porcelainforevents.com\/?page_id=843"},"modified":"2024-09-30T22:41:56","modified_gmt":"2024-09-30T20:41:56","slug":"clubs-esportius","status":"publish","type":"page","link":"https:\/\/www.porcelainforevents.com\/es\/clubs-esportius\/","title":{"rendered":"Clubs deportivos"},"content":{"rendered":"<div data-elementor-type=\"wp-page\" data-elementor-id=\"843\" class=\"elementor elementor-843\" data-elementor-post-type=\"page\">\n\t\t\t\t<div class=\"elementor-element elementor-element-bb331ed e-con-full e-flex e-con e-parent\" data-id=\"bb331ed\" data-element_type=\"container\" data-e-type=\"container\">\n\t\t\t\t<div class=\"elementor-element elementor-element-eafb351 elementor-widget elementor-widget-heading\" data-id=\"eafb351\" data-element_type=\"widget\" data-e-type=\"widget\" data-widget_type=\"heading.default\">\n\t\t\t\t<div class=\"elementor-widget-container\">\n\t\t\t\t\t<h2 class=\"elementor-heading-title elementor-size-default\">Todo esfuerzo tiene su recompensa.<\/h2>\t\t\t\t<\/div>\n\t\t\t\t<\/div>\n\t\t\t\t<div class=\"elementor-element elementor-element-a20a2dd elementor-widget elementor-widget-text-editor\" data-id=\"a20a2dd\" data-element_type=\"widget\" data-e-type=\"widget\" data-widget_type=\"text-editor.default\">\n\t\t\t\t<div class=\"elementor-widget-container\">\n\t\t\t\t\t\t\t\t\t<h3 style=\"text-align: center;\">Tu equipo ha llegado lejos y hay que guardarlo en la memoria.<\/h3><p>En <strong>Porcelain for Events<\/strong> elaboramos placas conmemorativas para tu club deportivo, gen\u00e9ricas y tambi\u00e9n personalizadas.<\/p><p>Un reconocimiento a los miembros del club, integrantes actuales, juntas directivas, miembros honor\u00edficos, jugadores\u2026<\/p><p>La fidelidad y la pasi\u00f3n que los une reconocidos en una pieza de porcelana \u00fanica.<\/p>\t\t\t\t\t\t\t\t<\/div>\n\t\t\t\t<\/div>\n\t\t\t\t<div class=\"elementor-element elementor-element-2d0caee elementor-widget elementor-widget-heading\" data-id=\"2d0caee\" data-element_type=\"widget\" data-e-type=\"widget\" data-widget_type=\"heading.default\">\n\t\t\t\t<div class=\"elementor-widget-container\">\n\t\t\t\t\t<h3 class=\"elementor-heading-title elementor-size-default\"><a href=\"https:\/\/www.porcelainforevents.com\/es\/contacte\/\" target=\"_blank\">Contacta con nosotros, \u00a1encontraremos tu mejor opci\u00f3n!<\/a><\/h3>\t\t\t\t<\/div>\n\t\t\t\t<\/div>\n\t\t\t\t<div class=\"elementor-element elementor-element-3a5d972 elementor-widget elementor-widget-gallery\" data-id=\"3a5d972\" data-element_type=\"widget\" data-e-type=\"widget\" data-settings=\"{&quot;columns&quot;:3,&quot;gap&quot;:{&quot;unit&quot;:&quot;px&quot;,&quot;size&quot;:4,&quot;sizes&quot;:[]},&quot;gap_mobile&quot;:{&quot;unit&quot;:&quot;px&quot;,&quot;size&quot;:2,&quot;sizes&quot;:[]},&quot;aspect_ratio&quot;:&quot;16:9&quot;,&quot;lazyload&quot;:&quot;yes&quot;,&quot;gallery_layout&quot;:&quot;grid&quot;,&quot;columns_tablet&quot;:2,&quot;columns_mobile&quot;:1,&quot;gap_tablet&quot;:{&quot;unit&quot;:&quot;px&quot;,&quot;size&quot;:10,&quot;sizes&quot;:[]},&quot;link_to&quot;:&quot;file&quot;,&quot;overlay_background&quot;:&quot;yes&quot;,&quot;content_hover_animation&quot;:&quot;fade-in&quot;}\" data-widget_type=\"gallery.default\">\n\t\t\t\t<div class=\"elementor-widget-container\">\n\t\t\t\t\t\t\t<div class=\"elementor-gallery__container\">\n\t\t\t\t\t\t\t<a class=\"e-gallery-item elementor-gallery-item elementor-animated-content\" href=\"https:\/\/www.porcelainforevents.com\/wp-content\/uploads\/2024\/09\/Porcelain-for-events-Artesania-en-porcellana-Clubs-esportius-1.jpg\" data-elementor-open-lightbox=\"yes\" data-elementor-lightbox-slideshow=\"3a5d972\" data-elementor-lightbox-title=\"Porcelain for events - Artesania en porcellana - Clubs esportius\" data-e-action-hash=\"#elementor-action%3Aaction%3Dlightbox%26settings%3DeyJpZCI6MTczMCwidXJsIjoiaHR0cHM6XC9cL3d3dy5wb3JjZWxhaW5mb3JldmVudHMuY29tXC93cC1jb250ZW50XC91cGxvYWRzXC8yMDI0XC8wOVwvUG9yY2VsYWluLWZvci1ldmVudHMtQXJ0ZXNhbmlhLWVuLXBvcmNlbGxhbmEtQ2x1YnMtZXNwb3J0aXVzLTEuanBnIiwic2xpZGVzaG93IjoiM2E1ZDk3MiJ9\">\n\t\t\t\t\t<div class=\"e-gallery-image elementor-gallery-item__image\" data-thumbnail=\"https:\/\/www.porcelainforevents.com\/wp-content\/uploads\/2024\/09\/Porcelain-for-events-Artesania-en-porcellana-Clubs-esportius-1.jpg\" data-width=\"900\" data-height=\"601\" aria-label=\"Porcelain for events - Artesan\u00eda en porcelana - Clubes deportivos\" role=\"img\" ><\/div>\n\t\t\t\t\t\t\t\t\t\t\t<div class=\"elementor-gallery-item__overlay\"><\/div>\n\t\t\t\t\t\t\t\t\t\t\t\t\t\t<\/a>\n\t\t\t\t\t\t\t<a class=\"e-gallery-item elementor-gallery-item elementor-animated-content\" href=\"https:\/\/www.porcelainforevents.com\/wp-content\/uploads\/2024\/08\/Porcelain-for-events-Artesania-en-porcellana-Clubs-esportius-5.jpg\" data-elementor-open-lightbox=\"yes\" data-elementor-lightbox-slideshow=\"3a5d972\" data-elementor-lightbox-title=\"Porcelain for events - Artesania en porcellana - Clubs esportius\" data-e-action-hash=\"#elementor-action%3Aaction%3Dlightbox%26settings%3DeyJpZCI6MTQ2MCwidXJsIjoiaHR0cHM6XC9cL3d3dy5wb3JjZWxhaW5mb3JldmVudHMuY29tXC93cC1jb250ZW50XC91cGxvYWRzXC8yMDI0XC8wOFwvUG9yY2VsYWluLWZvci1ldmVudHMtQXJ0ZXNhbmlhLWVuLXBvcmNlbGxhbmEtQ2x1YnMtZXNwb3J0aXVzLTUuanBnIiwic2xpZGVzaG93IjoiM2E1ZDk3MiJ9\">\n\t\t\t\t\t<div class=\"e-gallery-image elementor-gallery-item__image\" data-thumbnail=\"https:\/\/www.porcelainforevents.com\/wp-content\/uploads\/2024\/08\/Porcelain-for-events-Artesania-en-porcellana-Clubs-esportius-5.jpg\" data-width=\"900\" data-height=\"601\" aria-label=\"Porcelain for events - Artesan\u00eda en porcelana - Clubes deportivos\" role=\"img\" ><\/div>\n\t\t\t\t\t\t\t\t\t\t\t<div class=\"elementor-gallery-item__overlay\"><\/div>\n\t\t\t\t\t\t\t\t\t\t\t\t\t\t<\/a>\n\t\t\t\t\t\t\t<a class=\"e-gallery-item elementor-gallery-item elementor-animated-content\" href=\"https:\/\/www.porcelainforevents.com\/wp-content\/uploads\/2024\/08\/Porcelain-for-events-Artesania-en-porcellana-Clubs-esportius-8.jpg\" data-elementor-open-lightbox=\"yes\" data-elementor-lightbox-slideshow=\"3a5d972\" data-elementor-lightbox-title=\"Porcelain for events - Artesania en porcellana - Clubs esportius\" data-e-action-hash=\"#elementor-action%3Aaction%3Dlightbox%26settings%3DeyJpZCI6MTQ2MywidXJsIjoiaHR0cHM6XC9cL3d3dy5wb3JjZWxhaW5mb3JldmVudHMuY29tXC93cC1jb250ZW50XC91cGxvYWRzXC8yMDI0XC8wOFwvUG9yY2VsYWluLWZvci1ldmVudHMtQXJ0ZXNhbmlhLWVuLXBvcmNlbGxhbmEtQ2x1YnMtZXNwb3J0aXVzLTguanBnIiwic2xpZGVzaG93IjoiM2E1ZDk3MiJ9\">\n\t\t\t\t\t<div class=\"e-gallery-image elementor-gallery-item__image\" data-thumbnail=\"https:\/\/www.porcelainforevents.com\/wp-content\/uploads\/2024\/08\/Porcelain-for-events-Artesania-en-porcellana-Clubs-esportius-8.jpg\" data-width=\"900\" data-height=\"601\" aria-label=\"Porcelain for events - Artesan\u00eda en porcelana - Clubes deportivos\" role=\"img\" ><\/div>\n\t\t\t\t\t\t\t\t\t\t\t<div class=\"elementor-gallery-item__overlay\"><\/div>\n\t\t\t\t\t\t\t\t\t\t\t\t\t\t<\/a>\n\t\t\t\t\t\t\t<a class=\"e-gallery-item elementor-gallery-item elementor-animated-content\" href=\"https:\/\/www.porcelainforevents.com\/wp-content\/uploads\/2024\/08\/Porcelain-for-events-Artesania-en-porcellana-Clubs-esportius-7.jpg\" data-elementor-open-lightbox=\"yes\" data-elementor-lightbox-slideshow=\"3a5d972\" data-elementor-lightbox-title=\"Porcelain for events - Artesania en porcellana - Clubs esportius\" data-e-action-hash=\"#elementor-action%3Aaction%3Dlightbox%26settings%3DeyJpZCI6MTQ2MiwidXJsIjoiaHR0cHM6XC9cL3d3dy5wb3JjZWxhaW5mb3JldmVudHMuY29tXC93cC1jb250ZW50XC91cGxvYWRzXC8yMDI0XC8wOFwvUG9yY2VsYWluLWZvci1ldmVudHMtQXJ0ZXNhbmlhLWVuLXBvcmNlbGxhbmEtQ2x1YnMtZXNwb3J0aXVzLTcuanBnIiwic2xpZGVzaG93IjoiM2E1ZDk3MiJ9\">\n\t\t\t\t\t<div class=\"e-gallery-image elementor-gallery-item__image\" data-thumbnail=\"https:\/\/www.porcelainforevents.com\/wp-content\/uploads\/2024\/08\/Porcelain-for-events-Artesania-en-porcellana-Clubs-esportius-7.jpg\" data-width=\"900\" data-height=\"600\" aria-label=\"Porcelain for events - Artesan\u00eda en porcelana - Clubes deportivos\" role=\"img\" ><\/div>\n\t\t\t\t\t\t\t\t\t\t\t<div class=\"elementor-gallery-item__overlay\"><\/div>\n\t\t\t\t\t\t\t\t\t\t\t\t\t\t<\/a>\n\t\t\t\t\t\t\t<a class=\"e-gallery-item elementor-gallery-item elementor-animated-content\" href=\"https:\/\/www.porcelainforevents.com\/wp-content\/uploads\/2024\/08\/Porcelain-for-events-Artesania-en-porcellana-Clubs-esportius-2.jpg\" data-elementor-open-lightbox=\"yes\" data-elementor-lightbox-slideshow=\"3a5d972\" data-elementor-lightbox-title=\"Porcelain for events - Artesania en porcellana - Clubs esportius\" data-e-action-hash=\"#elementor-action%3Aaction%3Dlightbox%26settings%3DeyJpZCI6MTQ1NywidXJsIjoiaHR0cHM6XC9cL3d3dy5wb3JjZWxhaW5mb3JldmVudHMuY29tXC93cC1jb250ZW50XC91cGxvYWRzXC8yMDI0XC8wOFwvUG9yY2VsYWluLWZvci1ldmVudHMtQXJ0ZXNhbmlhLWVuLXBvcmNlbGxhbmEtQ2x1YnMtZXNwb3J0aXVzLTIuanBnIiwic2xpZGVzaG93IjoiM2E1ZDk3MiJ9\">\n\t\t\t\t\t<div class=\"e-gallery-image elementor-gallery-item__image\" data-thumbnail=\"https:\/\/www.porcelainforevents.com\/wp-content\/uploads\/2024\/08\/Porcelain-for-events-Artesania-en-porcellana-Clubs-esportius-2.jpg\" data-width=\"900\" data-height=\"601\" aria-label=\"Porcelain for events - Artesan\u00eda en porcelana - Clubes deportivos\" role=\"img\" ><\/div>\n\t\t\t\t\t\t\t\t\t\t\t<div class=\"elementor-gallery-item__overlay\"><\/div>\n\t\t\t\t\t\t\t\t\t\t\t\t\t\t<\/a>\n\t\t\t\t\t\t\t<a class=\"e-gallery-item elementor-gallery-item elementor-animated-content\" href=\"https:\/\/www.porcelainforevents.com\/wp-content\/uploads\/2024\/08\/Porcelain-for-events-Artesania-en-porcellana-Clubs-esportius-9.jpg\" data-elementor-open-lightbox=\"yes\" data-elementor-lightbox-slideshow=\"3a5d972\" data-elementor-lightbox-title=\"Porcelain for events - Artesania en porcellana - Clubs esportius\" data-e-action-hash=\"#elementor-action%3Aaction%3Dlightbox%26settings%3DeyJpZCI6MTQ2NCwidXJsIjoiaHR0cHM6XC9cL3d3dy5wb3JjZWxhaW5mb3JldmVudHMuY29tXC93cC1jb250ZW50XC91cGxvYWRzXC8yMDI0XC8wOFwvUG9yY2VsYWluLWZvci1ldmVudHMtQXJ0ZXNhbmlhLWVuLXBvcmNlbGxhbmEtQ2x1YnMtZXNwb3J0aXVzLTkuanBnIiwic2xpZGVzaG93IjoiM2E1ZDk3MiJ9\">\n\t\t\t\t\t<div class=\"e-gallery-image elementor-gallery-item__image\" data-thumbnail=\"https:\/\/www.porcelainforevents.com\/wp-content\/uploads\/2024\/08\/Porcelain-for-events-Artesania-en-porcellana-Clubs-esportius-9.jpg\" data-width=\"900\" data-height=\"601\" aria-label=\"Porcelain for events - Artesan\u00eda en porcelana - Clubes deportivos\" role=\"img\" ><\/div>\n\t\t\t\t\t\t\t\t\t\t\t<div class=\"elementor-gallery-item__overlay\"><\/div>\n\t\t\t\t\t\t\t\t\t\t\t\t\t\t<\/a>\n\t\t\t\t\t<\/div>\n\t\t\t\t\t<\/div>\n\t\t\t\t<\/div>\n\t\t\t\t<\/div>\n\t\t\t\t<\/div>","protected":false},"excerpt":{"rendered":"<p>Tot esfor\u00e7 t\u00e9 la seva recompensa. El teu equip ha arribat lluny i cal guardar-ho a la mem\u00f2ria A Porcelain for Events elaborem plaques commemoratives pel teu club esportiu, gen\u00e8riques i tamb\u00e9 personalitzades. Un reconeixement als membres del club, integrants actuals, juntes directives, membres honor\u00edfics, jugadors\u2026 La fidelitat i la passi\u00f3 que els uneix reconeguts<br \/><a class=\"moretag\" href=\"https:\/\/www.porcelainforevents.com\/es\/clubs-esportius\/\">+ Read More<\/a><\/p>","protected":false},"author":1,"featured_media":0,"parent":0,"menu_order":0,"comment_status":"closed","ping_status":"closed","template":"templates\/page-fullwidth_template.php","meta":{"footnotes":""},"class_list":["post-843","page","type-page","status-publish","hentry"],"_links":{"self":[{"href":"https:\/\/www.porcelainforevents.com\/es\/wp-json\/wp\/v2\/pages\/843","targetHints":{"allow":["GET"]}}],"collection":[{"href":"https:\/\/www.porcelainforevents.com\/es\/wp-json\/wp\/v2\/pages"}],"about":[{"href":"https:\/\/www.porcelainforevents.com\/es\/wp-json\/wp\/v2\/types\/page"}],"author":[{"embeddable":true,"href":"https:\/\/www.porcelainforevents.com\/es\/wp-json\/wp\/v2\/users\/1"}],"replies":[{"embeddable":true,"href":"https:\/\/www.porcelainforevents.com\/es\/wp-json\/wp\/v2\/comments?post=843"}],"version-history":[{"count":0,"href":"https:\/\/www.porcelainforevents.com\/es\/wp-json\/wp\/v2\/pages\/843\/revisions"}],"wp:attachment":[{"href":"https:\/\/www.porcelainforevents.com\/es\/wp-json\/wp\/v2\/media?parent=843"}],"curies":[{"name":"wp","href":"https:\/\/api.w.org\/{rel}","templated":true}]}}