{"id":847,"date":"2024-08-19T17:59:11","date_gmt":"2024-08-19T15:59:11","guid":{"rendered":"https:\/\/www.porcelainforevents.com\/?page_id=847"},"modified":"2025-02-19T22:25:39","modified_gmt":"2025-02-19T21:25:39","slug":"regals-personalitzats","status":"publish","type":"page","link":"https:\/\/www.porcelainforevents.com\/es\/regals-personalitzats\/","title":{"rendered":"Regalos personalizados"},"content":{"rendered":"<div data-elementor-type=\"wp-page\" data-elementor-id=\"847\" class=\"elementor elementor-847\" data-elementor-post-type=\"page\">\n\t\t\t\t<div class=\"elementor-element elementor-element-ecfb2bc e-con-full e-flex e-con e-parent\" data-id=\"ecfb2bc\" data-element_type=\"container\" data-e-type=\"container\">\n\t\t\t\t<div class=\"elementor-element elementor-element-dceabcf elementor-widget elementor-widget-heading\" data-id=\"dceabcf\" data-element_type=\"widget\" data-e-type=\"widget\" data-widget_type=\"heading.default\">\n\t\t\t\t<div class=\"elementor-widget-container\">\n\t\t\t\t\t<h2 class=\"elementor-heading-title elementor-size-default\">Piezas muy especiales totalmente personalizadas<\/h2>\t\t\t\t<\/div>\n\t\t\t\t<\/div>\n\t\t\t\t<div class=\"elementor-element elementor-element-f67cd2e elementor-widget elementor-widget-text-editor\" data-id=\"f67cd2e\" data-element_type=\"widget\" data-e-type=\"widget\" data-widget_type=\"text-editor.default\">\n\t\t\t\t<div class=\"elementor-widget-container\">\n\t\t\t\t\t\t\t\t\t<h3 style=\"text-align: center;\">Si est\u00e1s buscando qu\u00e9 regalar a tus amigos, familiares o clientes\u2026 \u00a1Porcelain for events!<\/h3><p>Creamos tu pieza personalizada en porcelana: un logotipo, un mensaje, una fotograf\u00eda, una ilustraci\u00f3n\u2026<\/p><p>Estamos aqu\u00ed para hacer realidad tus sue\u00f1os en porcelana y crear ese regalo \u00fanico. \u00bfEst\u00e1s listo para crear y dejar tu huella?<\/p>\t\t\t\t\t\t\t\t<\/div>\n\t\t\t\t<\/div>\n\t\t\t\t<div class=\"elementor-element elementor-element-9f45590 elementor-widget elementor-widget-heading\" data-id=\"9f45590\" data-element_type=\"widget\" data-e-type=\"widget\" data-widget_type=\"heading.default\">\n\t\t\t\t<div class=\"elementor-widget-container\">\n\t\t\t\t\t<h3 class=\"elementor-heading-title elementor-size-default\"><a href=\"https:\/\/www.porcelainforevents.com\/es\/contacte\/\" target=\"_blank\">\u00a1Contacta con nosotros y nos ponemos en marcha!<\/a><\/h3>\t\t\t\t<\/div>\n\t\t\t\t<\/div>\n\t\t\t\t<div class=\"elementor-element elementor-element-f2df8da elementor-widget elementor-widget-gallery\" data-id=\"f2df8da\" data-element_type=\"widget\" data-e-type=\"widget\" data-settings=\"{&quot;columns&quot;:3,&quot;gap&quot;:{&quot;unit&quot;:&quot;px&quot;,&quot;size&quot;:4,&quot;sizes&quot;:[]},&quot;gap_mobile&quot;:{&quot;unit&quot;:&quot;px&quot;,&quot;size&quot;:2,&quot;sizes&quot;:[]},&quot;aspect_ratio&quot;:&quot;4:3&quot;,&quot;lazyload&quot;:&quot;yes&quot;,&quot;gallery_layout&quot;:&quot;grid&quot;,&quot;columns_tablet&quot;:2,&quot;columns_mobile&quot;:1,&quot;gap_tablet&quot;:{&quot;unit&quot;:&quot;px&quot;,&quot;size&quot;:10,&quot;sizes&quot;:[]},&quot;link_to&quot;:&quot;file&quot;,&quot;overlay_background&quot;:&quot;yes&quot;,&quot;content_hover_animation&quot;:&quot;fade-in&quot;}\" data-widget_type=\"gallery.default\">\n\t\t\t\t<div class=\"elementor-widget-container\">\n\t\t\t\t\t\t\t<div class=\"elementor-gallery__container\">\n\t\t\t\t\t\t\t<a class=\"e-gallery-item elementor-gallery-item elementor-animated-content\" href=\"https:\/\/www.porcelainforevents.com\/wp-content\/uploads\/2024\/09\/Porcelain-for-events-Artesania-en-porcellana-Regals-personalitzats-5.jpg\" data-elementor-open-lightbox=\"yes\" data-elementor-lightbox-slideshow=\"f2df8da\" data-elementor-lightbox-title=\"Porcelain for events - Artesania en porcellana - Regals personalitzats\" data-e-action-hash=\"#elementor-action%3Aaction%3Dlightbox%26settings%3DeyJpZCI6MTU5MSwidXJsIjoiaHR0cHM6XC9cL3d3dy5wb3JjZWxhaW5mb3JldmVudHMuY29tXC93cC1jb250ZW50XC91cGxvYWRzXC8yMDI0XC8wOVwvUG9yY2VsYWluLWZvci1ldmVudHMtQXJ0ZXNhbmlhLWVuLXBvcmNlbGxhbmEtUmVnYWxzLXBlcnNvbmFsaXR6YXRzLTUuanBnIiwic2xpZGVzaG93IjoiZjJkZjhkYSJ9\">\n\t\t\t\t\t<div class=\"e-gallery-image elementor-gallery-item__image\" data-thumbnail=\"https:\/\/www.porcelainforevents.com\/wp-content\/uploads\/2024\/09\/Porcelain-for-events-Artesania-en-porcellana-Regals-personalitzats-5.jpg\" data-width=\"900\" data-height=\"675\" aria-label=\"Porcelain for events - Artesan\u00eda en porcelana - Regalos personalizados\" role=\"img\" ><\/div>\n\t\t\t\t\t\t\t\t\t\t\t<div class=\"elementor-gallery-item__overlay\"><\/div>\n\t\t\t\t\t\t\t\t\t\t\t\t\t\t<\/a>\n\t\t\t\t\t\t\t<a class=\"e-gallery-item elementor-gallery-item elementor-animated-content\" href=\"https:\/\/www.porcelainforevents.com\/wp-content\/uploads\/2024\/09\/Porcelain-for-events-Artesania-en-porcellana-Regals-personalitzats-10.jpg\" data-elementor-open-lightbox=\"yes\" data-elementor-lightbox-slideshow=\"f2df8da\" data-elementor-lightbox-title=\"Porcelain for events - Artesania en porcellana - Regals personalitzats\" data-e-action-hash=\"#elementor-action%3Aaction%3Dlightbox%26settings%3DeyJpZCI6MTU5NiwidXJsIjoiaHR0cHM6XC9cL3d3dy5wb3JjZWxhaW5mb3JldmVudHMuY29tXC93cC1jb250ZW50XC91cGxvYWRzXC8yMDI0XC8wOVwvUG9yY2VsYWluLWZvci1ldmVudHMtQXJ0ZXNhbmlhLWVuLXBvcmNlbGxhbmEtUmVnYWxzLXBlcnNvbmFsaXR6YXRzLTEwLmpwZyIsInNsaWRlc2hvdyI6ImYyZGY4ZGEifQ%3D%3D\">\n\t\t\t\t\t<div class=\"e-gallery-image elementor-gallery-item__image\" data-thumbnail=\"https:\/\/www.porcelainforevents.com\/wp-content\/uploads\/2024\/09\/Porcelain-for-events-Artesania-en-porcellana-Regals-personalitzats-10.jpg\" data-width=\"900\" data-height=\"675\" aria-label=\"Porcelain for events - Artesan\u00eda en porcelana - Regalos personalizados\" role=\"img\" ><\/div>\n\t\t\t\t\t\t\t\t\t\t\t<div class=\"elementor-gallery-item__overlay\"><\/div>\n\t\t\t\t\t\t\t\t\t\t\t\t\t\t<\/a>\n\t\t\t\t\t\t\t<a class=\"e-gallery-item elementor-gallery-item elementor-animated-content\" href=\"https:\/\/www.porcelainforevents.com\/wp-content\/uploads\/2024\/08\/Porcelain-for-events-Artesania-en-porcellana-Regals-personalitzats-1.jpg\" data-elementor-open-lightbox=\"yes\" data-elementor-lightbox-slideshow=\"f2df8da\" data-elementor-lightbox-title=\"Porcelain for events - Artesania en porcellana - Regals personalitzats\" data-e-action-hash=\"#elementor-action%3Aaction%3Dlightbox%26settings%3DeyJpZCI6MTQ2OSwidXJsIjoiaHR0cHM6XC9cL3d3dy5wb3JjZWxhaW5mb3JldmVudHMuY29tXC93cC1jb250ZW50XC91cGxvYWRzXC8yMDI0XC8wOFwvUG9yY2VsYWluLWZvci1ldmVudHMtQXJ0ZXNhbmlhLWVuLXBvcmNlbGxhbmEtUmVnYWxzLXBlcnNvbmFsaXR6YXRzLTEuanBnIiwic2xpZGVzaG93IjoiZjJkZjhkYSJ9\">\n\t\t\t\t\t<div class=\"e-gallery-image elementor-gallery-item__image\" data-thumbnail=\"https:\/\/www.porcelainforevents.com\/wp-content\/uploads\/2024\/08\/Porcelain-for-events-Artesania-en-porcellana-Regals-personalitzats-1.jpg\" data-width=\"900\" data-height=\"675\" aria-label=\"Porcelain for events - Artesan\u00eda en porcelana - Regalos personalizados\" role=\"img\" ><\/div>\n\t\t\t\t\t\t\t\t\t\t\t<div class=\"elementor-gallery-item__overlay\"><\/div>\n\t\t\t\t\t\t\t\t\t\t\t\t\t\t<\/a>\n\t\t\t\t\t\t\t<a class=\"e-gallery-item elementor-gallery-item elementor-animated-content\" href=\"https:\/\/www.porcelainforevents.com\/wp-content\/uploads\/2024\/09\/Porcelain-for-events-Artesania-en-porcellana-Regals-personalitzats-4.jpg\" data-elementor-open-lightbox=\"yes\" data-elementor-lightbox-slideshow=\"f2df8da\" data-elementor-lightbox-title=\"Porcelain for events - Artesania en porcellana - Regals personalitzats\" data-e-action-hash=\"#elementor-action%3Aaction%3Dlightbox%26settings%3DeyJpZCI6MTU5MCwidXJsIjoiaHR0cHM6XC9cL3d3dy5wb3JjZWxhaW5mb3JldmVudHMuY29tXC93cC1jb250ZW50XC91cGxvYWRzXC8yMDI0XC8wOVwvUG9yY2VsYWluLWZvci1ldmVudHMtQXJ0ZXNhbmlhLWVuLXBvcmNlbGxhbmEtUmVnYWxzLXBlcnNvbmFsaXR6YXRzLTQuanBnIiwic2xpZGVzaG93IjoiZjJkZjhkYSJ9\">\n\t\t\t\t\t<div class=\"e-gallery-image elementor-gallery-item__image\" data-thumbnail=\"https:\/\/www.porcelainforevents.com\/wp-content\/uploads\/2024\/09\/Porcelain-for-events-Artesania-en-porcellana-Regals-personalitzats-4.jpg\" data-width=\"900\" data-height=\"675\" aria-label=\"Porcelain for events - Artesan\u00eda en porcelana - Regalos personalizados\" role=\"img\" ><\/div>\n\t\t\t\t\t\t\t\t\t\t\t<div class=\"elementor-gallery-item__overlay\"><\/div>\n\t\t\t\t\t\t\t\t\t\t\t\t\t\t<\/a>\n\t\t\t\t\t\t\t<a class=\"e-gallery-item elementor-gallery-item elementor-animated-content\" href=\"https:\/\/www.porcelainforevents.com\/wp-content\/uploads\/2025\/02\/Porcelain-for-events-Artesania-en-porcellana-Regals-personalitzats-12.jpg\" data-elementor-open-lightbox=\"yes\" data-elementor-lightbox-slideshow=\"f2df8da\" data-elementor-lightbox-title=\"Porcelain for events - Artesania en porcellana - Regals personalitzats\" data-e-action-hash=\"#elementor-action%3Aaction%3Dlightbox%26settings%3DeyJpZCI6MTc3MiwidXJsIjoiaHR0cHM6XC9cL3d3dy5wb3JjZWxhaW5mb3JldmVudHMuY29tXC93cC1jb250ZW50XC91cGxvYWRzXC8yMDI1XC8wMlwvUG9yY2VsYWluLWZvci1ldmVudHMtQXJ0ZXNhbmlhLWVuLXBvcmNlbGxhbmEtUmVnYWxzLXBlcnNvbmFsaXR6YXRzLTEyLmpwZyIsInNsaWRlc2hvdyI6ImYyZGY4ZGEifQ%3D%3D\">\n\t\t\t\t\t<div class=\"e-gallery-image elementor-gallery-item__image\" data-thumbnail=\"https:\/\/www.porcelainforevents.com\/wp-content\/uploads\/2025\/02\/Porcelain-for-events-Artesania-en-porcellana-Regals-personalitzats-12.jpg\" data-width=\"900\" data-height=\"675\" aria-label=\"Porcelain for events - Artesan\u00eda en porcelana - Regalos personalizados\" role=\"img\" ><\/div>\n\t\t\t\t\t\t\t\t\t\t\t<div class=\"elementor-gallery-item__overlay\"><\/div>\n\t\t\t\t\t\t\t\t\t\t\t\t\t\t<\/a>\n\t\t\t\t\t\t\t<a class=\"e-gallery-item elementor-gallery-item elementor-animated-content\" href=\"https:\/\/www.porcelainforevents.com\/wp-content\/uploads\/2024\/09\/Porcelain-for-events-Artesania-en-porcellana-Regals-personalitzats-8.jpg\" data-elementor-open-lightbox=\"yes\" data-elementor-lightbox-slideshow=\"f2df8da\" data-elementor-lightbox-title=\"Porcelain for events - Artesania en porcellana - Regals personalitzats\" data-e-action-hash=\"#elementor-action%3Aaction%3Dlightbox%26settings%3DeyJpZCI6MTU5NCwidXJsIjoiaHR0cHM6XC9cL3d3dy5wb3JjZWxhaW5mb3JldmVudHMuY29tXC93cC1jb250ZW50XC91cGxvYWRzXC8yMDI0XC8wOVwvUG9yY2VsYWluLWZvci1ldmVudHMtQXJ0ZXNhbmlhLWVuLXBvcmNlbGxhbmEtUmVnYWxzLXBlcnNvbmFsaXR6YXRzLTguanBnIiwic2xpZGVzaG93IjoiZjJkZjhkYSJ9\">\n\t\t\t\t\t<div class=\"e-gallery-image elementor-gallery-item__image\" data-thumbnail=\"https:\/\/www.porcelainforevents.com\/wp-content\/uploads\/2024\/09\/Porcelain-for-events-Artesania-en-porcellana-Regals-personalitzats-8.jpg\" data-width=\"900\" data-height=\"675\" aria-label=\"Porcelain for events - Artesan\u00eda en porcelana - Regalos personalizados\" role=\"img\" ><\/div>\n\t\t\t\t\t\t\t\t\t\t\t<div class=\"elementor-gallery-item__overlay\"><\/div>\n\t\t\t\t\t\t\t\t\t\t\t\t\t\t<\/a>\n\t\t\t\t\t\t\t<a class=\"e-gallery-item elementor-gallery-item elementor-animated-content\" href=\"https:\/\/www.porcelainforevents.com\/wp-content\/uploads\/2025\/02\/Porcelain-for-events-Artesania-en-porcellana-Regals-personalitzats-11.jpg\" data-elementor-open-lightbox=\"yes\" data-elementor-lightbox-slideshow=\"f2df8da\" data-elementor-lightbox-title=\"Porcelain for events - Artesania en porcellana - Regals personalitzats\" data-e-action-hash=\"#elementor-action%3Aaction%3Dlightbox%26settings%3DeyJpZCI6MTc3MSwidXJsIjoiaHR0cHM6XC9cL3d3dy5wb3JjZWxhaW5mb3JldmVudHMuY29tXC93cC1jb250ZW50XC91cGxvYWRzXC8yMDI1XC8wMlwvUG9yY2VsYWluLWZvci1ldmVudHMtQXJ0ZXNhbmlhLWVuLXBvcmNlbGxhbmEtUmVnYWxzLXBlcnNvbmFsaXR6YXRzLTExLmpwZyIsInNsaWRlc2hvdyI6ImYyZGY4ZGEifQ%3D%3D\">\n\t\t\t\t\t<div class=\"e-gallery-image elementor-gallery-item__image\" data-thumbnail=\"https:\/\/www.porcelainforevents.com\/wp-content\/uploads\/2025\/02\/Porcelain-for-events-Artesania-en-porcellana-Regals-personalitzats-11.jpg\" data-width=\"900\" data-height=\"675\" aria-label=\"Porcelain for events - Artesan\u00eda en porcelana - Regalos personalizados\" role=\"img\" ><\/div>\n\t\t\t\t\t\t\t\t\t\t\t<div class=\"elementor-gallery-item__overlay\"><\/div>\n\t\t\t\t\t\t\t\t\t\t\t\t\t\t<\/a>\n\t\t\t\t\t\t\t<a class=\"e-gallery-item elementor-gallery-item elementor-animated-content\" href=\"https:\/\/www.porcelainforevents.com\/wp-content\/uploads\/2024\/08\/Porcelain-for-events-Artesania-en-porcellana-Regals-personalitzats-2.jpg\" data-elementor-open-lightbox=\"yes\" data-elementor-lightbox-slideshow=\"f2df8da\" data-elementor-lightbox-title=\"Porcelain for events - Artesania en porcellana - Regals personalitzats\" data-e-action-hash=\"#elementor-action%3Aaction%3Dlightbox%26settings%3DeyJpZCI6MTQ3MCwidXJsIjoiaHR0cHM6XC9cL3d3dy5wb3JjZWxhaW5mb3JldmVudHMuY29tXC93cC1jb250ZW50XC91cGxvYWRzXC8yMDI0XC8wOFwvUG9yY2VsYWluLWZvci1ldmVudHMtQXJ0ZXNhbmlhLWVuLXBvcmNlbGxhbmEtUmVnYWxzLXBlcnNvbmFsaXR6YXRzLTIuanBnIiwic2xpZGVzaG93IjoiZjJkZjhkYSJ9\">\n\t\t\t\t\t<div class=\"e-gallery-image elementor-gallery-item__image\" data-thumbnail=\"https:\/\/www.porcelainforevents.com\/wp-content\/uploads\/2024\/08\/Porcelain-for-events-Artesania-en-porcellana-Regals-personalitzats-2.jpg\" data-width=\"900\" data-height=\"675\" aria-label=\"Porcelain for events - Artesan\u00eda en porcelana - Regalos personalizados\" role=\"img\" ><\/div>\n\t\t\t\t\t\t\t\t\t\t\t<div class=\"elementor-gallery-item__overlay\"><\/div>\n\t\t\t\t\t\t\t\t\t\t\t\t\t\t<\/a>\n\t\t\t\t\t\t\t<a class=\"e-gallery-item elementor-gallery-item elementor-animated-content\" href=\"https:\/\/www.porcelainforevents.com\/wp-content\/uploads\/2024\/09\/Porcelain-for-events-Artesania-en-porcellana-Regals-personalitzats-6.jpg\" data-elementor-open-lightbox=\"yes\" data-elementor-lightbox-slideshow=\"f2df8da\" data-elementor-lightbox-title=\"Porcelain for events - Artesania en porcellana - Regals personalitzats\" data-e-action-hash=\"#elementor-action%3Aaction%3Dlightbox%26settings%3DeyJpZCI6MTU5MiwidXJsIjoiaHR0cHM6XC9cL3d3dy5wb3JjZWxhaW5mb3JldmVudHMuY29tXC93cC1jb250ZW50XC91cGxvYWRzXC8yMDI0XC8wOVwvUG9yY2VsYWluLWZvci1ldmVudHMtQXJ0ZXNhbmlhLWVuLXBvcmNlbGxhbmEtUmVnYWxzLXBlcnNvbmFsaXR6YXRzLTYuanBnIiwic2xpZGVzaG93IjoiZjJkZjhkYSJ9\">\n\t\t\t\t\t<div class=\"e-gallery-image elementor-gallery-item__image\" data-thumbnail=\"https:\/\/www.porcelainforevents.com\/wp-content\/uploads\/2024\/09\/Porcelain-for-events-Artesania-en-porcellana-Regals-personalitzats-6.jpg\" data-width=\"900\" data-height=\"675\" aria-label=\"Porcelain for events - Artesan\u00eda en porcelana - Regalos personalizados\" role=\"img\" ><\/div>\n\t\t\t\t\t\t\t\t\t\t\t<div class=\"elementor-gallery-item__overlay\"><\/div>\n\t\t\t\t\t\t\t\t\t\t\t\t\t\t<\/a>\n\t\t\t\t\t\t\t<a class=\"e-gallery-item elementor-gallery-item elementor-animated-content\" href=\"https:\/\/www.porcelainforevents.com\/wp-content\/uploads\/2024\/09\/Porcelain-for-events-Artesania-en-porcellana-Regals-personalitzats-9.jpg\" data-elementor-open-lightbox=\"yes\" data-elementor-lightbox-slideshow=\"f2df8da\" data-elementor-lightbox-title=\"Porcelain for events - Artesania en porcellana - Regals personalitzats\" data-e-action-hash=\"#elementor-action%3Aaction%3Dlightbox%26settings%3DeyJpZCI6MTU5NSwidXJsIjoiaHR0cHM6XC9cL3d3dy5wb3JjZWxhaW5mb3JldmVudHMuY29tXC93cC1jb250ZW50XC91cGxvYWRzXC8yMDI0XC8wOVwvUG9yY2VsYWluLWZvci1ldmVudHMtQXJ0ZXNhbmlhLWVuLXBvcmNlbGxhbmEtUmVnYWxzLXBlcnNvbmFsaXR6YXRzLTkuanBnIiwic2xpZGVzaG93IjoiZjJkZjhkYSJ9\">\n\t\t\t\t\t<div class=\"e-gallery-image elementor-gallery-item__image\" data-thumbnail=\"https:\/\/www.porcelainforevents.com\/wp-content\/uploads\/2024\/09\/Porcelain-for-events-Artesania-en-porcellana-Regals-personalitzats-9.jpg\" data-width=\"900\" data-height=\"675\" aria-label=\"Porcelain for events - Artesan\u00eda en porcelana - Regalos personalizados\" role=\"img\" ><\/div>\n\t\t\t\t\t\t\t\t\t\t\t<div class=\"elementor-gallery-item__overlay\"><\/div>\n\t\t\t\t\t\t\t\t\t\t\t\t\t\t<\/a>\n\t\t\t\t\t\t\t<a class=\"e-gallery-item elementor-gallery-item elementor-animated-content\" href=\"https:\/\/www.porcelainforevents.com\/wp-content\/uploads\/2024\/09\/Porcelain-for-events-Artesania-en-porcellana-Regals-personalitzats-7.jpg\" data-elementor-open-lightbox=\"yes\" data-elementor-lightbox-slideshow=\"f2df8da\" data-elementor-lightbox-title=\"Porcelain for events - Artesania en porcellana - Regals personalitzats\" data-e-action-hash=\"#elementor-action%3Aaction%3Dlightbox%26settings%3DeyJpZCI6MTU5MywidXJsIjoiaHR0cHM6XC9cL3d3dy5wb3JjZWxhaW5mb3JldmVudHMuY29tXC93cC1jb250ZW50XC91cGxvYWRzXC8yMDI0XC8wOVwvUG9yY2VsYWluLWZvci1ldmVudHMtQXJ0ZXNhbmlhLWVuLXBvcmNlbGxhbmEtUmVnYWxzLXBlcnNvbmFsaXR6YXRzLTcuanBnIiwic2xpZGVzaG93IjoiZjJkZjhkYSJ9\">\n\t\t\t\t\t<div class=\"e-gallery-image elementor-gallery-item__image\" data-thumbnail=\"https:\/\/www.porcelainforevents.com\/wp-content\/uploads\/2024\/09\/Porcelain-for-events-Artesania-en-porcellana-Regals-personalitzats-7.jpg\" data-width=\"900\" data-height=\"675\" aria-label=\"Porcelain for events - Artesan\u00eda en porcelana - Regalos personalizados\" role=\"img\" ><\/div>\n\t\t\t\t\t\t\t\t\t\t\t<div class=\"elementor-gallery-item__overlay\"><\/div>\n\t\t\t\t\t\t\t\t\t\t\t\t\t\t<\/a>\n\t\t\t\t\t\t\t<a class=\"e-gallery-item elementor-gallery-item elementor-animated-content\" href=\"https:\/\/www.porcelainforevents.com\/wp-content\/uploads\/2024\/08\/Porcelain-for-events-Artesania-en-porcellana-Regals-personalitzats-3.jpg\" data-elementor-open-lightbox=\"yes\" data-elementor-lightbox-slideshow=\"f2df8da\" data-elementor-lightbox-title=\"Porcelain for events - Artesania en porcellana - Regals personalitzats\" data-e-action-hash=\"#elementor-action%3Aaction%3Dlightbox%26settings%3DeyJpZCI6MTQ3MSwidXJsIjoiaHR0cHM6XC9cL3d3dy5wb3JjZWxhaW5mb3JldmVudHMuY29tXC93cC1jb250ZW50XC91cGxvYWRzXC8yMDI0XC8wOFwvUG9yY2VsYWluLWZvci1ldmVudHMtQXJ0ZXNhbmlhLWVuLXBvcmNlbGxhbmEtUmVnYWxzLXBlcnNvbmFsaXR6YXRzLTMuanBnIiwic2xpZGVzaG93IjoiZjJkZjhkYSJ9\">\n\t\t\t\t\t<div class=\"e-gallery-image elementor-gallery-item__image\" data-thumbnail=\"https:\/\/www.porcelainforevents.com\/wp-content\/uploads\/2024\/08\/Porcelain-for-events-Artesania-en-porcellana-Regals-personalitzats-3.jpg\" data-width=\"900\" data-height=\"675\" aria-label=\"Porcelain for events - Artesan\u00eda en porcelana - Regalos personalizados\" role=\"img\" ><\/div>\n\t\t\t\t\t\t\t\t\t\t\t<div class=\"elementor-gallery-item__overlay\"><\/div>\n\t\t\t\t\t\t\t\t\t\t\t\t\t\t<\/a>\n\t\t\t\t\t<\/div>\n\t\t\t\t\t<\/div>\n\t\t\t\t<\/div>\n\t\t\t\t<\/div>\n\t\t\t\t<\/div>","protected":false},"excerpt":{"rendered":"<p>Peces molt especials totalment personalitzades Si est\u00e0s buscant qu\u00e8 regalar als teus amics, familiars o clients\u2026 Porcelain for events! Creem la teva pe\u00e7a personalitzada en porcellana: un logotip, un missatge, una fotografia, una il\u00b7lustraci\u00f3\u2026 Som aqu\u00ed per a fer realitat els teus somnis en porcellana i crear aquest regal \u00fanic. Est\u00e0s llest per crear i<br \/><a class=\"moretag\" href=\"https:\/\/www.porcelainforevents.com\/es\/regals-personalitzats\/\">+ Read More<\/a><\/p>","protected":false},"author":1,"featured_media":0,"parent":0,"menu_order":0,"comment_status":"closed","ping_status":"closed","template":"templates\/page-fullwidth_template.php","meta":{"footnotes":""},"class_list":["post-847","page","type-page","status-publish","hentry"],"_links":{"self":[{"href":"https:\/\/www.porcelainforevents.com\/es\/wp-json\/wp\/v2\/pages\/847","targetHints":{"allow":["GET"]}}],"collection":[{"href":"https:\/\/www.porcelainforevents.com\/es\/wp-json\/wp\/v2\/pages"}],"about":[{"href":"https:\/\/www.porcelainforevents.com\/es\/wp-json\/wp\/v2\/types\/page"}],"author":[{"embeddable":true,"href":"https:\/\/www.porcelainforevents.com\/es\/wp-json\/wp\/v2\/users\/1"}],"replies":[{"embeddable":true,"href":"https:\/\/www.porcelainforevents.com\/es\/wp-json\/wp\/v2\/comments?post=847"}],"version-history":[{"count":0,"href":"https:\/\/www.porcelainforevents.com\/es\/wp-json\/wp\/v2\/pages\/847\/revisions"}],"wp:attachment":[{"href":"https:\/\/www.porcelainforevents.com\/es\/wp-json\/wp\/v2\/media?parent=847"}],"curies":[{"name":"wp","href":"https:\/\/api.w.org\/{rel}","templated":true}]}}